{"id":3401,"date":"2021-03-30T22:09:22","date_gmt":"2021-03-30T20:09:22","guid":{"rendered":"https:\/\/zaloztesro.cz\/home\/"},"modified":"2026-02-26T11:30:25","modified_gmt":"2026-02-26T10:30:25","slug":"home","status":"publish","type":"page","link":"https:\/\/zaloztesro.cz\/en\/","title":{"rendered":"Home"},"content":{"rendered":"<p>[et_pb_section fb_built=&#8221;1&#8243; _builder_version=&#8221;4.16&#8243; _module_preset=&#8221;default&#8221; background_image=&#8221;http:\/\/zaloztesro.cz\/wp-content\/uploads\/2021\/04\/header_retina.png&#8221; global_colors_info=&#8221;{}&#8221;][et_pb_row column_structure=&#8221;3_5,2_5&#8243; _builder_version=&#8221;4.16&#8243; _module_preset=&#8221;default&#8221; global_colors_info=&#8221;{}&#8221;][et_pb_column type=&#8221;3_5&#8243; _builder_version=&#8221;4.16&#8243; _module_preset=&#8221;default&#8221; global_colors_info=&#8221;{}&#8221;][et_pb_text _builder_version=&#8221;4.16&#8243; _module_preset=&#8221;default&#8221; header_line_height=&#8221;1.3em&#8221; background_layout=&#8221;dark&#8221; global_colors_info=&#8221;{}&#8221;]<\/p>\n<h1>The fastest and most affordable LLC formation?<\/h1>\n<h1>Without an intermediary.<\/h1>\n<h1>Directly through a notary!<\/h1>\n<p>[\/et_pb_text][et_pb_text _builder_version=&#8221;4.16&#8243; _module_preset=&#8221;default&#8221; text_line_height=&#8221;27px&#8221; background_layout=&#8221;dark&#8221; global_colors_info=&#8221;{}&#8221;]<\/p>\n<p>1. Select a notary near you<br \/>2. Sign the documents<br \/>3. The notary registers the company in the Commercial Register<\/p>\n<p class=\"p1\">Become an LLC owner by the next day!<br \/>We will advise you on how to do it.<\/p>\n<p>[\/et_pb_text][et_pb_divider divider_weight=&#8221;3px&#8221; _builder_version=&#8221;4.16&#8243; _module_preset=&#8221;default&#8221; max_width=&#8221;70px&#8221; module_alignment=&#8221;left&#8221; custom_margin=&#8221;||0px||false|false&#8221; global_colors_info=&#8221;{}&#8221;][\/et_pb_divider][et_pb_button button_url=&#8221;https:\/\/zaloztesro.cz\/en\/find-a-notary\/&#8221; button_text=&#8221;Form an LLC with a notary&#8221; _builder_version=&#8221;4.16&#8243; _module_preset=&#8221;9857f54f-e1fb-4f2a-819e-94d804a4260d&#8221; global_colors_info=&#8221;{}&#8221;][\/et_pb_button][\/et_pb_column][et_pb_column type=&#8221;2_5&#8243; _builder_version=&#8221;4.16&#8243; _module_preset=&#8221;default&#8221; global_colors_info=&#8221;{}&#8221;][\/et_pb_column][\/et_pb_row][\/et_pb_section][et_pb_section fb_built=&#8221;1&#8243; _builder_version=&#8221;4.16&#8243; _module_preset=&#8221;default&#8221; background_color=&#8221;#F2F0E8&#8243; global_colors_info=&#8221;{}&#8221;][et_pb_row column_structure=&#8221;1_3,1_3,1_3&#8243; make_equal=&#8221;on&#8221; _builder_version=&#8221;4.16&#8243; _module_preset=&#8221;default&#8221; global_colors_info=&#8221;{}&#8221;][et_pb_column type=&#8221;1_3&#8243; _builder_version=&#8221;4.16&#8243; _module_preset=&#8221;default&#8221; background_color=&#8221;#FFFFFF&#8221; custom_padding=&#8221;10px|10px|10px|10px|true|true&#8221; link_option_url=&#8221;https:\/\/zaloztesro.cz\/en\/find-a-notary\/by-name\/&#8221; box_shadow_style=&#8221;preset1&#8243; global_colors_info=&#8221;{}&#8221; transform_styles__hover_enabled=&#8221;on|hover&#8221; transform_scale__hover_enabled=&#8221;on|hover&#8221; transform_translate__hover_enabled=&#8221;on|desktop&#8221; transform_rotate__hover_enabled=&#8221;on|desktop&#8221; transform_skew__hover_enabled=&#8221;on|desktop&#8221; transform_origin__hover_enabled=&#8221;on|desktop&#8221; transform_scale__hover=&#8221;103%|103%&#8221;][et_pb_image src=&#8221;http:\/\/zaloztesro.cz\/wp-content\/uploads\/\/2021\/05\/flag_1b.svg&#8221; title_text=&#8221;flag_1b&#8221; align=&#8221;center&#8221; _builder_version=&#8221;4.16&#8243; _module_preset=&#8221;default&#8221; height=&#8221;70px&#8221; custom_margin=&#8221;-20px||||false|false&#8221; global_colors_info=&#8221;{}&#8221;][\/et_pb_image][et_pb_image src=&#8221;http:\/\/zaloztesro.cz\/wp-content\/uploads\/\/2021\/04\/icon_1.svg&#8221; title_text=&#8221;icon_1&#8243; align=&#8221;center&#8221; _builder_version=&#8221;4.16&#8243; _module_preset=&#8221;default&#8221; background_enable_color=&#8221;off&#8221; height=&#8221;70px&#8221; global_colors_info=&#8221;{}&#8221;][\/et_pb_image][et_pb_text _builder_version=&#8221;4.16&#8243; _module_preset=&#8221;default&#8221; text_line_height=&#8221;27px&#8221; text_orientation=&#8221;center&#8221; custom_margin=&#8221;||20px||false|false&#8221; global_colors_info=&#8221;{}&#8221;]<\/p>\n<p>Select a notary<br \/>near you<\/p>\n<p>[\/et_pb_text][\/et_pb_column][et_pb_column type=&#8221;1_3&#8243; _builder_version=&#8221;4.16&#8243; _module_preset=&#8221;default&#8221; background_color=&#8221;#FFFFFF&#8221; custom_padding=&#8221;10px|10px|10px|10px|true|true&#8221; link_option_url=&#8221;https:\/\/zaloztesro.cz\/en\/notary-services-for-llc-formation\/&#8221; box_shadow_style=&#8221;preset1&#8243; global_colors_info=&#8221;{}&#8221; transform_styles__hover_enabled=&#8221;on|hover&#8221; transform_scale__hover_enabled=&#8221;on|hover&#8221; transform_translate__hover_enabled=&#8221;on|desktop&#8221; transform_rotate__hover_enabled=&#8221;on|desktop&#8221; transform_skew__hover_enabled=&#8221;on|desktop&#8221; transform_origin__hover_enabled=&#8221;on|desktop&#8221; transform_scale__hover=&#8221;103%|103%&#8221;][et_pb_image src=&#8221;http:\/\/zaloztesro.cz\/wp-content\/uploads\/\/2021\/05\/flag_2b.svg&#8221; title_text=&#8221;flag_2b&#8221; align=&#8221;center&#8221; _builder_version=&#8221;4.16&#8243; _module_preset=&#8221;default&#8221; height=&#8221;70px&#8221; custom_margin=&#8221;-20px||||false|false&#8221; global_colors_info=&#8221;{}&#8221;][\/et_pb_image][et_pb_image src=&#8221;http:\/\/zaloztesro.cz\/wp-content\/uploads\/\/2021\/04\/icon_2.svg&#8221; title_text=&#8221;icon_2&#8243; align=&#8221;center&#8221; _builder_version=&#8221;4.16&#8243; _module_preset=&#8221;default&#8221; background_enable_color=&#8221;off&#8221; height=&#8221;70px&#8221; global_colors_info=&#8221;{}&#8221;][\/et_pb_image][et_pb_text _builder_version=&#8221;4.16&#8243; _module_preset=&#8221;default&#8221; text_line_height=&#8221;27px&#8221; text_orientation=&#8221;center&#8221; custom_margin=&#8221;||20px||false|false&#8221; global_colors_info=&#8221;{}&#8221;]<\/p>\n<p>Sign the<br \/>documents<\/p>\n<p>[\/et_pb_text][\/et_pb_column][et_pb_column type=&#8221;1_3&#8243; _builder_version=&#8221;4.16&#8243; _module_preset=&#8221;default&#8221; background_color=&#8221;#FFFFFF&#8221; transform_scale_last_edited=&#8221;off|desktop&#8221; transform_translate_last_edited=&#8221;off|desktop&#8221; transform_rotate_last_edited=&#8221;off|desktop&#8221; transform_skew_last_edited=&#8221;off|desktop&#8221; transform_origin_last_edited=&#8221;off|desktop&#8221; transform_styles_last_edited=&#8221;off|desktop&#8221; custom_padding=&#8221;10px|10px|10px|10px|true|true&#8221; link_option_url=&#8221;https:\/\/zaloztesro.cz\/en\/glossary-of-terms\/commercial-register\/&#8221; box_shadow_style=&#8221;preset1&#8243; global_colors_info=&#8221;{}&#8221; transform_styles__hover_enabled=&#8221;on|hover&#8221; transform_scale__hover_enabled=&#8221;on|hover&#8221; transform_translate__hover_enabled=&#8221;on|desktop&#8221; transform_rotate__hover_enabled=&#8221;on|desktop&#8221; transform_skew__hover_enabled=&#8221;on|desktop&#8221; transform_origin__hover_enabled=&#8221;on|desktop&#8221; transform_scale__hover=&#8221;103%|103%&#8221;][et_pb_image src=&#8221;http:\/\/zaloztesro.cz\/wp-content\/uploads\/\/2021\/05\/flag_3b.svg&#8221; title_text=&#8221;flag_3b&#8221; align=&#8221;center&#8221; _builder_version=&#8221;4.16&#8243; _module_preset=&#8221;default&#8221; height=&#8221;70px&#8221; custom_margin=&#8221;-20px||||false|false&#8221; global_colors_info=&#8221;{}&#8221;][\/et_pb_image][et_pb_image src=&#8221;http:\/\/zaloztesro.cz\/wp-content\/uploads\/\/2021\/04\/icon_3.svg&#8221; title_text=&#8221;icon_3&#8243; align=&#8221;center&#8221; _builder_version=&#8221;4.16&#8243; _module_preset=&#8221;default&#8221; background_enable_color=&#8221;off&#8221; height=&#8221;70px&#8221; global_colors_info=&#8221;{}&#8221;][\/et_pb_image][et_pb_text _builder_version=&#8221;4.16&#8243; _module_preset=&#8221;default&#8221; text_line_height=&#8221;27px&#8221; text_orientation=&#8221;center&#8221; custom_margin=&#8221;||20px||false|false&#8221; global_colors_info=&#8221;{}&#8221;]<\/p>\n<p>The notary registers the company<br \/>in the Commercial Register<\/p>\n<p>[\/et_pb_text][\/et_pb_column][\/et_pb_row][\/et_pb_section][et_pb_section fb_built=&#8221;1&#8243; _builder_version=&#8221;4.16&#8243; _module_preset=&#8221;default&#8221; custom_padding=&#8221;0px||0px||true|false&#8221; global_colors_info=&#8221;{}&#8221;][et_pb_row column_structure=&#8221;1_2,1_2&#8243; _builder_version=&#8221;4.16&#8243; _module_preset=&#8221;default&#8221; custom_margin=&#8221;||||false|false&#8221; custom_padding=&#8221;0px||||false|false&#8221; global_colors_info=&#8221;{}&#8221;][et_pb_column type=&#8221;1_2&#8243; _builder_version=&#8221;4.16&#8243; _module_preset=&#8221;default&#8221; custom_padding=&#8221;60px||||false|false&#8221; global_colors_info=&#8221;{}&#8221;][et_pb_text _builder_version=&#8221;4.16&#8243; _module_preset=&#8221;default&#8221; header_font=&#8221;|700|||||||&#8221; header_text_color=&#8221;#595752&#8243; header_2_font=&#8221;|700|||||||&#8221; header_2_text_color=&#8221;#595752&#8243; background_layout=&#8221;dark&#8221; global_colors_info=&#8221;{}&#8221;]<\/p>\n<h2>LLC Formation<\/h2>\n<p>[\/et_pb_text][et_pb_divider divider_weight=&#8221;3px&#8221; _builder_version=&#8221;4.16&#8243; _module_preset=&#8221;default&#8221; max_width=&#8221;70px&#8221; module_alignment=&#8221;left&#8221; global_colors_info=&#8221;{}&#8221;][\/et_pb_divider][et_pb_text _builder_version=&#8221;4.16&#8243; _module_preset=&#8221;default&#8221; text_text_color=&#8221;#595752&#8243; global_colors_info=&#8221;{}&#8221;]<\/p>\n<p class=\"p1\">A limited liability company is the most popular way to do business in the Czech Republic. The reason is that shareholders of an &#8220;LLC&#8221; only risk their capital contributions when doing business. In contrast, sole traders are liable with their entire personal assets.<span class=\"Apple-converted-space\"> <\/span><\/p>\n<p class=\"p1\"><a href=\"https:\/\/zaloztesro.cz\/en\/llc-formation\/\"><span class=\"Apple-converted-space\">Read more<\/span><\/a><\/p>\n<p>[\/et_pb_text][\/et_pb_column][et_pb_column type=&#8221;1_2&#8243; _builder_version=&#8221;4.16&#8243; _module_preset=&#8221;default&#8221; global_colors_info=&#8221;{}&#8221;][et_pb_image src=&#8221;http:\/\/zaloztesro.cz\/wp-content\/uploads\/2021\/04\/pecet_retina.png&#8221; title_text=&#8221;pecet_retina&#8221; _builder_version=&#8221;4.16&#8243; _module_preset=&#8221;default&#8221; global_colors_info=&#8221;{}&#8221;][\/et_pb_image][\/et_pb_column][\/et_pb_row][\/et_pb_section]<\/p>\n","protected":false},"excerpt":{"rendered":"<p>The fastest and most affordable LLC formation? Without an intermediary. Directly through a notary!1. Select a notary near you2. Sign the documents3. The notary registers the company in the Commercial Register Become an LLC owner by the next day!We will advise you on how to do it.Select a notarynear youSign thedocumentsThe notary registers the companyin [&hellip;]<\/p>\n","protected":false},"author":1,"featured_media":0,"parent":0,"menu_order":0,"comment_status":"closed","ping_status":"closed","template":"","meta":{"_et_pb_use_builder":"on","_et_pb_old_content":"","_et_gb_content_width":"","inline_featured_image":false,"footnotes":""},"class_list":["post-3401","page","type-page","status-publish","hentry"],"yoast_head":"<!-- This site is optimized with the Yoast SEO plugin v27.5 - https:\/\/yoast.com\/product\/yoast-seo-wordpress\/ -->\n<title>The fastest and most affordable way to set up an LLC via a notary | Zalo\u017etesro.cz<\/title>\n<meta name=\"description\" content=\"Are you looking for the fastest and easiest way to set up an LLC? Establish your limited liability company directly through a notary. Complete guide, procedure, and benefits of LLC formation.\" \/>\n<meta name=\"robots\" content=\"index, follow, max-snippet:-1, max-image-preview:large, max-video-preview:-1\" \/>\n<link rel=\"canonical\" href=\"https:\/\/zaloztesro.cz\/en\/\" \/>\n<meta property=\"og:locale\" content=\"en_US\" \/>\n<meta property=\"og:type\" content=\"article\" \/>\n<meta property=\"og:title\" content=\"The fastest and most affordable way to set up an LLC via a notary | Zalo\u017etesro.cz\" \/>\n<meta property=\"og:description\" content=\"Are you looking for the fastest and easiest way to set up an LLC? Establish your limited liability company directly through a notary. Complete guide, procedure, and benefits of LLC formation.\" \/>\n<meta property=\"og:url\" content=\"https:\/\/zaloztesro.cz\/en\/\" \/>\n<meta property=\"og:site_name\" content=\"Zalo\u017etesro.cz\" \/>\n<meta property=\"article:modified_time\" content=\"2026-02-26T10:30:25+00:00\" \/>\n<meta name=\"twitter:card\" content=\"summary_large_image\" \/>\n<meta name=\"twitter:label1\" content=\"Est. reading time\" \/>\n\t<meta name=\"twitter:data1\" content=\"5 minutes\" \/>\n<script type=\"application\/ld+json\" class=\"yoast-schema-graph\">{\"@context\":\"https:\\\/\\\/schema.org\",\"@graph\":[{\"@type\":\"WebPage\",\"@id\":\"https:\\\/\\\/zaloztesro.cz\\\/en\\\/\",\"url\":\"https:\\\/\\\/zaloztesro.cz\\\/en\\\/\",\"name\":\"The fastest and most affordable way to set up an LLC via a notary | Zalo\u017etesro.cz\",\"isPartOf\":{\"@id\":\"https:\\\/\\\/zaloztesro.cz\\\/en\\\/#website\"},\"datePublished\":\"2021-03-30T20:09:22+00:00\",\"dateModified\":\"2026-02-26T10:30:25+00:00\",\"description\":\"Are you looking for the fastest and easiest way to set up an LLC? Establish your limited liability company directly through a notary. Complete guide, procedure, and benefits of LLC formation.\",\"inLanguage\":\"en-US\",\"potentialAction\":[{\"@type\":\"ReadAction\",\"target\":[\"https:\\\/\\\/zaloztesro.cz\\\/en\\\/\"]}]},{\"@type\":\"WebSite\",\"@id\":\"https:\\\/\\\/zaloztesro.cz\\\/en\\\/#website\",\"url\":\"https:\\\/\\\/zaloztesro.cz\\\/en\\\/\",\"name\":\"Zalo\u017etesro.cz\",\"description\":\"Nejrychlej\u0161\u00ed a nejlevn\u011bj\u0161\u00ed zalo\u017een\u00ed s.r.o. je p\u0159es not\u00e1\u0159e\",\"potentialAction\":[{\"@type\":\"SearchAction\",\"target\":{\"@type\":\"EntryPoint\",\"urlTemplate\":\"https:\\\/\\\/zaloztesro.cz\\\/en\\\/?s={search_term_string}\"},\"query-input\":{\"@type\":\"PropertyValueSpecification\",\"valueRequired\":true,\"valueName\":\"search_term_string\"}}],\"inLanguage\":\"en-US\"}]}<\/script>\n<!-- \/ Yoast SEO plugin. -->","yoast_head_json":{"title":"The fastest and most affordable way to set up an LLC via a notary | Zalo\u017etesro.cz","description":"Are you looking for the fastest and easiest way to set up an LLC? Establish your limited liability company directly through a notary. Complete guide, procedure, and benefits of LLC formation.","robots":{"index":"index","follow":"follow","max-snippet":"max-snippet:-1","max-image-preview":"max-image-preview:large","max-video-preview":"max-video-preview:-1"},"canonical":"https:\/\/zaloztesro.cz\/en\/","og_locale":"en_US","og_type":"article","og_title":"The fastest and most affordable way to set up an LLC via a notary | Zalo\u017etesro.cz","og_description":"Are you looking for the fastest and easiest way to set up an LLC? Establish your limited liability company directly through a notary. Complete guide, procedure, and benefits of LLC formation.","og_url":"https:\/\/zaloztesro.cz\/en\/","og_site_name":"Zalo\u017etesro.cz","article_modified_time":"2026-02-26T10:30:25+00:00","twitter_card":"summary_large_image","twitter_misc":{"Est. reading time":"5 minutes"},"schema":{"@context":"https:\/\/schema.org","@graph":[{"@type":"WebPage","@id":"https:\/\/zaloztesro.cz\/en\/","url":"https:\/\/zaloztesro.cz\/en\/","name":"The fastest and most affordable way to set up an LLC via a notary | Zalo\u017etesro.cz","isPartOf":{"@id":"https:\/\/zaloztesro.cz\/en\/#website"},"datePublished":"2021-03-30T20:09:22+00:00","dateModified":"2026-02-26T10:30:25+00:00","description":"Are you looking for the fastest and easiest way to set up an LLC? Establish your limited liability company directly through a notary. Complete guide, procedure, and benefits of LLC formation.","inLanguage":"en-US","potentialAction":[{"@type":"ReadAction","target":["https:\/\/zaloztesro.cz\/en\/"]}]},{"@type":"WebSite","@id":"https:\/\/zaloztesro.cz\/en\/#website","url":"https:\/\/zaloztesro.cz\/en\/","name":"Zalo\u017etesro.cz","description":"Nejrychlej\u0161\u00ed a nejlevn\u011bj\u0161\u00ed zalo\u017een\u00ed s.r.o. je p\u0159es not\u00e1\u0159e","potentialAction":[{"@type":"SearchAction","target":{"@type":"EntryPoint","urlTemplate":"https:\/\/zaloztesro.cz\/en\/?s={search_term_string}"},"query-input":{"@type":"PropertyValueSpecification","valueRequired":true,"valueName":"search_term_string"}}],"inLanguage":"en-US"}]}},"_links":{"self":[{"href":"https:\/\/zaloztesro.cz\/en\/wp-json\/wp\/v2\/pages\/3401","targetHints":{"allow":["GET"]}}],"collection":[{"href":"https:\/\/zaloztesro.cz\/en\/wp-json\/wp\/v2\/pages"}],"about":[{"href":"https:\/\/zaloztesro.cz\/en\/wp-json\/wp\/v2\/types\/page"}],"author":[{"embeddable":true,"href":"https:\/\/zaloztesro.cz\/en\/wp-json\/wp\/v2\/users\/1"}],"replies":[{"embeddable":true,"href":"https:\/\/zaloztesro.cz\/en\/wp-json\/wp\/v2\/comments?post=3401"}],"version-history":[{"count":8,"href":"https:\/\/zaloztesro.cz\/en\/wp-json\/wp\/v2\/pages\/3401\/revisions"}],"predecessor-version":[{"id":3545,"href":"https:\/\/zaloztesro.cz\/en\/wp-json\/wp\/v2\/pages\/3401\/revisions\/3545"}],"wp:attachment":[{"href":"https:\/\/zaloztesro.cz\/en\/wp-json\/wp\/v2\/media?parent=3401"}],"curies":[{"name":"wp","href":"https:\/\/api.w.org\/{rel}","templated":true}]}}